{"id":1138,"date":"2025-01-23T08:40:20","date_gmt":"2025-01-23T08:40:20","guid":{"rendered":"https:\/\/vrcare-project.eu\/kotisivu\/"},"modified":"2026-04-06T09:46:26","modified_gmt":"2026-04-06T09:46:26","slug":"kotisivu","status":"publish","type":"page","link":"https:\/\/vrcare-project.eu\/fi\/","title":{"rendered":"Kotisivu"},"content":{"rendered":"\t\t<div data-elementor-type=\"wp-page\" data-elementor-id=\"1138\" class=\"elementor elementor-1138 elementor-79\" data-elementor-post-type=\"page\">\n\t\t\t\t<div class=\"elementor-element elementor-element-8f00a4e e-flex e-con-boxed e-con e-parent\" data-id=\"8f00a4e\" data-element_type=\"container\" data-e-type=\"container\" data-settings=\"{&quot;background_background&quot;:&quot;classic&quot;}\">\n\t\t\t\t\t<div class=\"e-con-inner\">\n\t\t\t\t<div class=\"elementor-element elementor-element-4683ff7 elementor-widget elementor-widget-image\" data-id=\"4683ff7\" data-element_type=\"widget\" data-e-type=\"widget\" data-widget_type=\"image.default\">\n\t\t\t\t<div class=\"elementor-widget-container\">\n\t\t\t\t\t\t\t\t\t\t\t\t\t\t\t<img fetchpriority=\"high\" decoding=\"async\" width=\"800\" height=\"726\" src=\"https:\/\/vrcare-project.eu\/wp-content\/uploads\/2024\/12\/vrcare-hero-image-1000x1000-1.png\" class=\"attachment-large size-large wp-image-791\" alt=\"\" srcset=\"https:\/\/vrcare-project.eu\/wp-content\/uploads\/2024\/12\/vrcare-hero-image-1000x1000-1.png 1000w, https:\/\/vrcare-project.eu\/wp-content\/uploads\/2024\/12\/vrcare-hero-image-1000x1000-1-300x272.png 300w, https:\/\/vrcare-project.eu\/wp-content\/uploads\/2024\/12\/vrcare-hero-image-1000x1000-1-768x697.png 768w\" sizes=\"(max-width: 800px) 100vw, 800px\" \/>\t\t\t\t\t\t\t\t\t\t\t\t\t\t\t<\/div>\n\t\t\t\t<\/div>\n\t\t\t\t<div class=\"elementor-element elementor-element-7bdf5da elementor-headline--style-rotate elementor-widget elementor-widget-animated-headline\" data-id=\"7bdf5da\" data-element_type=\"widget\" data-e-type=\"widget\" data-settings=\"{&quot;headline_style&quot;:&quot;rotate&quot;,&quot;rotating_text&quot;:&quot;k\\u00e4yt\\u00e4nn\\u00f6n hoitoty\\u00f6t\\u00e4&quot;,&quot;animation_type&quot;:&quot;typing&quot;,&quot;loop&quot;:&quot;yes&quot;,&quot;rotate_iteration_delay&quot;:2500}\" data-widget_type=\"animated-headline.default\">\n\t\t\t\t<div class=\"elementor-widget-container\">\n\t\t\t\t\t\t\t<h3 class=\"elementor-headline elementor-headline-animation-type-typing elementor-headline-letters\">\n\t\t\t\t\t<span class=\"elementor-headline-plain-text elementor-headline-text-wrapper\">Virtuaalitodellisuus osana<\/span>\n\t\t\t\t<span class=\"elementor-headline-dynamic-wrapper elementor-headline-text-wrapper\">\n\t\t\t\t\t<span class=\"elementor-headline-dynamic-text elementor-headline-text-active\">\n\t\t\t\tk\u00e4yt\u00e4nn\u00f6n&nbsp;hoitoty\u00f6t\u00e4\t\t\t<\/span>\n\t\t\t\t\t\t<\/span>\n\t\t\t\t<\/h3>\n\t\t\t\t\t\t<\/div>\n\t\t\t\t<\/div>\n\t\t\t\t<div class=\"elementor-element elementor-element-ab0b058 elementor-widget elementor-widget-text-editor\" data-id=\"ab0b058\" data-element_type=\"widget\" data-e-type=\"widget\" data-widget_type=\"text-editor.default\">\n\t\t\t\t<div class=\"elementor-widget-container\">\n\t\t\t\t\t\t\t\t\t<p>Hoiva-alaan liittyv\u00e4n opetuksen modernisointi virtuaalitodellisuuden avulla: vuorovaikutus-, etiikka-, simulaatio- ja aistikoulutus<\/p>\n\t\t\t\t\t\t\t\t<\/div>\n\t\t\t\t<\/div>\n\t\t\t\t<div class=\"elementor-element elementor-element-888dfb0 elementor-align-center elementor-widget elementor-widget-button\" data-id=\"888dfb0\" data-element_type=\"widget\" data-e-type=\"widget\" data-widget_type=\"button.default\">\n\t\t\t\t<div class=\"elementor-widget-container\">\n\t\t\t\t\t\t\t\t\t<div class=\"elementor-button-wrapper\">\n\t\t\t\t\t<a class=\"elementor-button elementor-button-link elementor-size-sm\" href=\"https:\/\/vrcare-project.eu\/fi\/tietoa-hankkeesta\/\">\n\t\t\t\t\t\t<span class=\"elementor-button-content-wrapper\">\n\t\t\t\t\t\t\t\t\t<span class=\"elementor-button-text\">Lue lis\u00e4\u00e4<\/span>\n\t\t\t\t\t<\/span>\n\t\t\t\t\t<\/a>\n\t\t\t\t<\/div>\n\t\t\t\t\t\t\t\t<\/div>\n\t\t\t\t<\/div>\n\t\t\t\t\t<\/div>\n\t\t\t\t<\/div>\n\t\t<div class=\"elementor-element elementor-element-720fe4a e-flex e-con-boxed e-con e-parent\" data-id=\"720fe4a\" data-element_type=\"container\" data-e-type=\"container\" data-settings=\"{&quot;background_background&quot;:&quot;classic&quot;}\">\n\t\t\t\t\t<div class=\"e-con-inner\">\n\t\t<div class=\"elementor-element elementor-element-16c4523 e-con-full e-flex e-con e-child\" data-id=\"16c4523\" data-element_type=\"container\" data-e-type=\"container\" data-settings=\"{&quot;background_background&quot;:&quot;classic&quot;}\">\n\t\t\t\t<div class=\"elementor-element elementor-element-2004c03 elementor-widget elementor-widget-spacer\" data-id=\"2004c03\" data-element_type=\"widget\" data-e-type=\"widget\" data-widget_type=\"spacer.default\">\n\t\t\t\t<div class=\"elementor-widget-container\">\n\t\t\t\t\t\t\t<div class=\"elementor-spacer\">\n\t\t\t<div class=\"elementor-spacer-inner\"><\/div>\n\t\t<\/div>\n\t\t\t\t\t\t<\/div>\n\t\t\t\t<\/div>\n\t\t\t\t<\/div>\n\t\t<div class=\"elementor-element elementor-element-fcad6d0 e-con-full e-flex e-con e-child\" data-id=\"fcad6d0\" data-element_type=\"container\" data-e-type=\"container\">\n\t\t<div class=\"elementor-element elementor-element-7812dff e-con-full e-flex e-con e-child\" data-id=\"7812dff\" data-element_type=\"container\" data-e-type=\"container\">\n\t\t\t\t<div class=\"elementor-element elementor-element-9fa6db3 elementor-widget elementor-widget-heading\" data-id=\"9fa6db3\" data-element_type=\"widget\" data-e-type=\"widget\" data-widget_type=\"heading.default\">\n\t\t\t\t<div class=\"elementor-widget-container\">\n\t\t\t\t\t<h2 class=\"elementor-heading-title elementor-size-default\">Tietoa hankkeesta<\/h2>\t\t\t\t<\/div>\n\t\t\t\t<\/div>\n\t\t\t\t<div class=\"elementor-element elementor-element-b8dc20c elementor-widget elementor-widget-text-editor\" data-id=\"b8dc20c\" data-element_type=\"widget\" data-e-type=\"widget\" data-widget_type=\"text-editor.default\">\n\t\t\t\t<div class=\"elementor-widget-container\">\n\t\t\t\t\t\t\t\t\t<p>VRCare on innovatiivinen l\u00e4hestymistapa, joka hy\u00f6dynt\u00e4\u00e4 virtuaalitodellisuutta tapana uudistaa perinteist\u00e4 sosiaali- ja terveysalan koulutusta. Hanke keskittyy erityisesti lasten ja vanhusten hyvinvointiin tarjoamalla uudenlaisen tavan olla vuorovaikutuksessa ja virikkeiden luomiseen. Hanke auttaa parantamaan sosiaali- ja terveydenhuoltopalveluja, keskittym\u00e4\u00e4n vuorovaikutukseen, etiikkaan, stimulointiin ja aistiharjoitteluun ja antaa samalla n\u00e4ill\u00e4 aloilla toimiville ihmisille mahdollisuuden kokea asioita, joita he eiv\u00e4t ole aiemmin voineet kokea.<\/p>\n\t\t\t\t\t\t\t\t<\/div>\n\t\t\t\t<\/div>\n\t\t\t\t<div class=\"elementor-element elementor-element-a08fb35 elementor-align-center elementor-widget elementor-widget-button\" data-id=\"a08fb35\" data-element_type=\"widget\" data-e-type=\"widget\" data-widget_type=\"button.default\">\n\t\t\t\t<div class=\"elementor-widget-container\">\n\t\t\t\t\t\t\t\t\t<div class=\"elementor-button-wrapper\">\n\t\t\t\t\t<a class=\"elementor-button elementor-button-link elementor-size-sm\" href=\"https:\/\/vrcare-project.eu\/fi\/tietoa-hankkeesta\/\">\n\t\t\t\t\t\t<span class=\"elementor-button-content-wrapper\">\n\t\t\t\t\t\t\t\t\t<span class=\"elementor-button-text\">Lue lis\u00e4\u00e4<\/span>\n\t\t\t\t\t<\/span>\n\t\t\t\t\t<\/a>\n\t\t\t\t<\/div>\n\t\t\t\t\t\t\t\t<\/div>\n\t\t\t\t<\/div>\n\t\t\t\t<\/div>\n\t\t\t\t<\/div>\n\t\t\t\t\t<\/div>\n\t\t\t\t<\/div>\n\t\t<div class=\"elementor-element elementor-element-796c37c e-flex e-con-boxed e-con e-parent\" data-id=\"796c37c\" data-element_type=\"container\" data-e-type=\"container\" data-settings=\"{&quot;background_background&quot;:&quot;classic&quot;}\">\n\t\t\t\t\t<div class=\"e-con-inner\">\n\t\t\t\t<div class=\"elementor-element elementor-element-0dd8266 elementor-widget elementor-widget-spacer\" data-id=\"0dd8266\" data-element_type=\"widget\" data-e-type=\"widget\" data-widget_type=\"spacer.default\">\n\t\t\t\t<div class=\"elementor-widget-container\">\n\t\t\t\t\t\t\t<div class=\"elementor-spacer\">\n\t\t\t<div class=\"elementor-spacer-inner\"><\/div>\n\t\t<\/div>\n\t\t\t\t\t\t<\/div>\n\t\t\t\t<\/div>\n\t\t\t\t<div class=\"elementor-element elementor-element-f965d95 elementor-widget elementor-widget-heading\" data-id=\"f965d95\" data-element_type=\"widget\" data-e-type=\"widget\" data-widget_type=\"heading.default\">\n\t\t\t\t<div class=\"elementor-widget-container\">\n\t\t\t\t\t<h2 class=\"elementor-heading-title elementor-size-default\">Hankkeen tulokset<\/h2>\t\t\t\t<\/div>\n\t\t\t\t<\/div>\n\t\t\t\t<div class=\"elementor-element elementor-element-1c62e58 elementor-view-default elementor-widget elementor-widget-icon\" data-id=\"1c62e58\" data-element_type=\"widget\" data-e-type=\"widget\" data-widget_type=\"icon.default\">\n\t\t\t\t<div class=\"elementor-widget-container\">\n\t\t\t\t\t\t\t<div class=\"elementor-icon-wrapper\">\n\t\t\t<div class=\"elementor-icon\">\n\t\t\t<svg xmlns=\"http:\/\/www.w3.org\/2000\/svg\" xmlns:xlink=\"http:\/\/www.w3.org\/1999\/xlink\" id=\"Layer_1\" x=\"0px\" y=\"0px\" viewBox=\"0 0 987.2 395.3\" style=\"enable-background:new 0 0 987.2 395.3;\" xml:space=\"preserve\"><style type=\"text\/css\">\t.st0{fill:#F38024;}<\/style><g>\t<path class=\"st0\" d=\"M847.8,360.5c13.8-16.1,23.8-37,28.2-60.5c1.6-8.6,2.5-17.5,2.5-26.7V45.8c0-13.3-4.7-25.2-11.7-33.3  C859.7,4.4,851,0,841.6,0H143.4c-9.4,0-18.2,4.4-25.2,12.5c-7,8.1-11.7,19.9-11.6,33.3v227.5c0,9.2,0.9,18.1,2.5,26.7  c4.4,23.6,14.5,44.5,28.2,60.5c18.8,22,43.9,34.8,71.3,34.8h145.2c15.8,0,31.3-4.8,45.3-14.4l0,0l31-21l1.7-1.1  c19.3-13.2,41.3-19.9,63.4-19.9c20.3,0,40.7,5.7,58.9,17l44.3,27.3c13.1,8.1,27.5,12.2,42,12.2h136.3  C803.9,395.3,828.9,382.4,847.8,360.5z\"><\/path>\t<path class=\"st0\" d=\"M3.9,52.6C1.7,55.1,0,59.2,0,64v209.9c0,4.8,1.7,8.8,3.9,11.3c2.2,2.5,4.3,3.4,6.4,3.4h36.2V49.2H10.3  C8.2,49.3,6.1,50.1,3.9,52.6z\"><\/path>\t<path class=\"st0\" d=\"M983.3,285.2c2.1-2.5,3.9-6.5,3.9-11.3V64c0-4.8-1.7-8.8-3.9-11.3c-2.2-2.5-4.3-3.4-6.4-3.4h-36.2v239.4h36.2  C979,288.6,981.1,287.8,983.3,285.2z\"><\/path><\/g><\/svg>\t\t\t<\/div>\n\t\t<\/div>\n\t\t\t\t\t\t<\/div>\n\t\t\t\t<\/div>\n\t\t<div class=\"elementor-element elementor-element-7936d4b e-con-full e-flex e-con e-child\" data-id=\"7936d4b\" data-element_type=\"container\" data-e-type=\"container\">\n\t\t<div class=\"elementor-element elementor-element-59e7049 e-con-full e-flex e-con e-child\" data-id=\"59e7049\" data-element_type=\"container\" data-e-type=\"container\" data-settings=\"{&quot;background_background&quot;:&quot;classic&quot;}\">\n\t\t\t\t<div class=\"elementor-element elementor-element-bd6f364 elementor-widget elementor-widget-heading\" data-id=\"bd6f364\" data-element_type=\"widget\" data-e-type=\"widget\" data-widget_type=\"heading.default\">\n\t\t\t\t<div class=\"elementor-widget-container\">\n\t\t\t\t\t<h3 class=\"elementor-heading-title elementor-size-default\">Virtuaalinen oppimisymp\u00e4rist\u00f6 (VLE)<\/h3>\t\t\t\t<\/div>\n\t\t\t\t<\/div>\n\t\t\t\t<div class=\"elementor-element elementor-element-66501e3 elementor-widget elementor-widget-text-editor\" data-id=\"66501e3\" data-element_type=\"widget\" data-e-type=\"widget\" data-widget_type=\"text-editor.default\">\n\t\t\t\t<div class=\"elementor-widget-container\">\n\t\t\t\t\t\t\t\t\t<p>VLE sis\u00e4lt\u00e4\u00e4 vinkkej\u00e4 siit\u00e4, miten VR:\u00e4\u00e4 voidaan ottaa k\u00e4ytt\u00f6\u00f6n pedagogisena ty\u00f6kaluna, miten sit\u00e4 voidaan hy\u00f6dynt\u00e4\u00e4 opetus-\/hoivatarkoituksissa sek\u00e4 mit\u00e4 etuja siit\u00e4 on opetuksessa.<\/p>\n\t\t\t\t\t\t\t\t<\/div>\n\t\t\t\t<\/div>\n\t\t\t\t<div class=\"elementor-element elementor-element-0723e54 elementor-align-center elementor-widget elementor-widget-button\" data-id=\"0723e54\" data-element_type=\"widget\" data-e-type=\"widget\" data-widget_type=\"button.default\">\n\t\t\t\t<div class=\"elementor-widget-container\">\n\t\t\t\t\t\t\t\t\t<div class=\"elementor-button-wrapper\">\n\t\t\t\t\t<a class=\"elementor-button elementor-button-link elementor-size-sm\" href=\"https:\/\/vrcare-project.eu\/fi\/results\/#vle\">\n\t\t\t\t\t\t<span class=\"elementor-button-content-wrapper\">\n\t\t\t\t\t\t<span class=\"elementor-button-icon\">\n\t\t\t\t<i aria-hidden=\"true\" class=\"fas fa-arrow-right\"><\/i>\t\t\t<\/span>\n\t\t\t\t\t\t\t\t\t<span class=\"elementor-button-text\">Lue lis\u00e4\u00e4<\/span>\n\t\t\t\t\t<\/span>\n\t\t\t\t\t<\/a>\n\t\t\t\t<\/div>\n\t\t\t\t\t\t\t\t<\/div>\n\t\t\t\t<\/div>\n\t\t\t\t<\/div>\n\t\t<div class=\"elementor-element elementor-element-43617ab e-con-full e-flex e-con e-child\" data-id=\"43617ab\" data-element_type=\"container\" data-e-type=\"container\" data-settings=\"{&quot;background_background&quot;:&quot;classic&quot;}\">\n\t\t\t\t<div class=\"elementor-element elementor-element-38cf8cc elementor-widget elementor-widget-heading\" data-id=\"38cf8cc\" data-element_type=\"widget\" data-e-type=\"widget\" data-widget_type=\"heading.default\">\n\t\t\t\t<div class=\"elementor-widget-container\">\n\t\t\t\t\t<h3 class=\"elementor-heading-title elementor-size-default\">Kirjasto<\/h3>\t\t\t\t<\/div>\n\t\t\t\t<\/div>\n\t\t\t\t<div class=\"elementor-element elementor-element-6e74982 elementor-widget elementor-widget-text-editor\" data-id=\"6e74982\" data-element_type=\"widget\" data-e-type=\"widget\" data-widget_type=\"text-editor.default\">\n\t\t\t\t<div class=\"elementor-widget-container\">\n\t\t\t\t\t\t\t\t\t<p>VRCARE-kirjasto sis\u00e4lt\u00e4\u00e4 kaikki hankkeen aikana kehitetyt tosiel\u00e4m\u00e4n perustuvat k\u00e4sikirjoitukset ja VR-skenaariot.<\/p>\n\t\t\t\t\t\t\t\t<\/div>\n\t\t\t\t<\/div>\n\t\t\t\t<div class=\"elementor-element elementor-element-7d66e79 elementor-align-center elementor-widget elementor-widget-button\" data-id=\"7d66e79\" data-element_type=\"widget\" data-e-type=\"widget\" data-widget_type=\"button.default\">\n\t\t\t\t<div class=\"elementor-widget-container\">\n\t\t\t\t\t\t\t\t\t<div class=\"elementor-button-wrapper\">\n\t\t\t\t\t<a class=\"elementor-button elementor-button-link elementor-size-sm\" href=\"https:\/\/vrcare-project.eu\/fi\/results\/#lib\">\n\t\t\t\t\t\t<span class=\"elementor-button-content-wrapper\">\n\t\t\t\t\t\t<span class=\"elementor-button-icon\">\n\t\t\t\t<i aria-hidden=\"true\" class=\"fas fa-arrow-right\"><\/i>\t\t\t<\/span>\n\t\t\t\t\t\t\t\t\t<span class=\"elementor-button-text\">Lue lis\u00e4\u00e4<\/span>\n\t\t\t\t\t<\/span>\n\t\t\t\t\t<\/a>\n\t\t\t\t<\/div>\n\t\t\t\t\t\t\t\t<\/div>\n\t\t\t\t<\/div>\n\t\t\t\t<\/div>\n\t\t\t\t<\/div>\n\t\t\t\t<div class=\"elementor-element elementor-element-156b180 elementor-widget elementor-widget-spacer\" data-id=\"156b180\" data-element_type=\"widget\" data-e-type=\"widget\" data-widget_type=\"spacer.default\">\n\t\t\t\t<div class=\"elementor-widget-container\">\n\t\t\t\t\t\t\t<div class=\"elementor-spacer\">\n\t\t\t<div class=\"elementor-spacer-inner\"><\/div>\n\t\t<\/div>\n\t\t\t\t\t\t<\/div>\n\t\t\t\t<\/div>\n\t\t\t\t<div class=\"elementor-element elementor-element-da03c2d elementor-align-center elementor-widget elementor-widget-button\" data-id=\"da03c2d\" data-element_type=\"widget\" data-e-type=\"widget\" data-widget_type=\"button.default\">\n\t\t\t\t<div class=\"elementor-widget-container\">\n\t\t\t\t\t\t\t\t\t<div class=\"elementor-button-wrapper\">\n\t\t\t\t\t<a class=\"elementor-button elementor-button-link elementor-size-sm\" href=\"https:\/\/vrcare-project.eu\/fi\/tulokset\/\">\n\t\t\t\t\t\t<span class=\"elementor-button-content-wrapper\">\n\t\t\t\t\t\t\t\t\t<span class=\"elementor-button-text\">Lue lis\u00e4\u00e4<\/span>\n\t\t\t\t\t<\/span>\n\t\t\t\t\t<\/a>\n\t\t\t\t<\/div>\n\t\t\t\t\t\t\t\t<\/div>\n\t\t\t\t<\/div>\n\t\t\t\t<div class=\"elementor-element elementor-element-dd3c69b elementor-widget elementor-widget-spacer\" data-id=\"dd3c69b\" data-element_type=\"widget\" data-e-type=\"widget\" data-widget_type=\"spacer.default\">\n\t\t\t\t<div class=\"elementor-widget-container\">\n\t\t\t\t\t\t\t<div class=\"elementor-spacer\">\n\t\t\t<div class=\"elementor-spacer-inner\"><\/div>\n\t\t<\/div>\n\t\t\t\t\t\t<\/div>\n\t\t\t\t<\/div>\n\t\t\t\t<div class=\"elementor-element elementor-element-fa6e773 elementor-widget elementor-widget-image\" data-id=\"fa6e773\" data-element_type=\"widget\" data-e-type=\"widget\" data-widget_type=\"image.default\">\n\t\t\t\t<div class=\"elementor-widget-container\">\n\t\t\t\t\t\t\t\t\t\t\t\t\t\t\t<img decoding=\"async\" width=\"800\" height=\"733\" src=\"https:\/\/vrcare-project.eu\/wp-content\/uploads\/2024\/12\/vrcare-our-news.png\" class=\"attachment-large size-large wp-image-821\" alt=\"\" srcset=\"https:\/\/vrcare-project.eu\/wp-content\/uploads\/2024\/12\/vrcare-our-news.png 800w, https:\/\/vrcare-project.eu\/wp-content\/uploads\/2024\/12\/vrcare-our-news-300x275.png 300w, https:\/\/vrcare-project.eu\/wp-content\/uploads\/2024\/12\/vrcare-our-news-768x704.png 768w\" sizes=\"(max-width: 800px) 100vw, 800px\" \/>\t\t\t\t\t\t\t\t\t\t\t\t\t\t\t<\/div>\n\t\t\t\t<\/div>\n\t\t\t\t<div class=\"elementor-element elementor-element-11b9436 elementor-widget elementor-widget-heading\" data-id=\"11b9436\" data-element_type=\"widget\" data-e-type=\"widget\" data-widget_type=\"heading.default\">\n\t\t\t\t<div class=\"elementor-widget-container\">\n\t\t\t\t\t<h2 class=\"elementor-heading-title elementor-size-default\">Uutisemme<\/h2>\t\t\t\t<\/div>\n\t\t\t\t<\/div>\n\t\t\t\t<div class=\"elementor-element elementor-element-de5d695 elementor-view-default elementor-widget elementor-widget-icon\" data-id=\"de5d695\" data-element_type=\"widget\" data-e-type=\"widget\" data-widget_type=\"icon.default\">\n\t\t\t\t<div class=\"elementor-widget-container\">\n\t\t\t\t\t\t\t<div class=\"elementor-icon-wrapper\">\n\t\t\t<div class=\"elementor-icon\">\n\t\t\t<svg xmlns=\"http:\/\/www.w3.org\/2000\/svg\" xmlns:xlink=\"http:\/\/www.w3.org\/1999\/xlink\" id=\"Layer_1\" x=\"0px\" y=\"0px\" viewBox=\"0 0 987.2 395.3\" style=\"enable-background:new 0 0 987.2 395.3;\" xml:space=\"preserve\"><style type=\"text\/css\">\t.st0{fill:#F38024;}<\/style><g>\t<path class=\"st0\" d=\"M847.8,360.5c13.8-16.1,23.8-37,28.2-60.5c1.6-8.6,2.5-17.5,2.5-26.7V45.8c0-13.3-4.7-25.2-11.7-33.3  C859.7,4.4,851,0,841.6,0H143.4c-9.4,0-18.2,4.4-25.2,12.5c-7,8.1-11.7,19.9-11.6,33.3v227.5c0,9.2,0.9,18.1,2.5,26.7  c4.4,23.6,14.5,44.5,28.2,60.5c18.8,22,43.9,34.8,71.3,34.8h145.2c15.8,0,31.3-4.8,45.3-14.4l0,0l31-21l1.7-1.1  c19.3-13.2,41.3-19.9,63.4-19.9c20.3,0,40.7,5.7,58.9,17l44.3,27.3c13.1,8.1,27.5,12.2,42,12.2h136.3  C803.9,395.3,828.9,382.4,847.8,360.5z\"><\/path>\t<path class=\"st0\" d=\"M3.9,52.6C1.7,55.1,0,59.2,0,64v209.9c0,4.8,1.7,8.8,3.9,11.3c2.2,2.5,4.3,3.4,6.4,3.4h36.2V49.2H10.3  C8.2,49.3,6.1,50.1,3.9,52.6z\"><\/path>\t<path class=\"st0\" d=\"M983.3,285.2c2.1-2.5,3.9-6.5,3.9-11.3V64c0-4.8-1.7-8.8-3.9-11.3c-2.2-2.5-4.3-3.4-6.4-3.4h-36.2v239.4h36.2  C979,288.6,981.1,287.8,983.3,285.2z\"><\/path><\/g><\/svg>\t\t\t<\/div>\n\t\t<\/div>\n\t\t\t\t\t\t<\/div>\n\t\t\t\t<\/div>\n\t\t\t\t<div class=\"elementor-element elementor-element-2d29f0f elementor-widget elementor-widget-spacer\" data-id=\"2d29f0f\" data-element_type=\"widget\" data-e-type=\"widget\" data-widget_type=\"spacer.default\">\n\t\t\t\t<div class=\"elementor-widget-container\">\n\t\t\t\t\t\t\t<div class=\"elementor-spacer\">\n\t\t\t<div class=\"elementor-spacer-inner\"><\/div>\n\t\t<\/div>\n\t\t\t\t\t\t<\/div>\n\t\t\t\t<\/div>\n\t\t\t\t<div class=\"elementor-element elementor-element-3f5e97a elementor-align-center elementor-widget elementor-widget-button\" data-id=\"3f5e97a\" data-element_type=\"widget\" data-e-type=\"widget\" data-widget_type=\"button.default\">\n\t\t\t\t<div class=\"elementor-widget-container\">\n\t\t\t\t\t\t\t\t\t<div class=\"elementor-button-wrapper\">\n\t\t\t\t\t<a class=\"elementor-button elementor-button-link elementor-size-sm\" href=\"https:\/\/vrcare-project.eu\/fi\/uutiset\/\">\n\t\t\t\t\t\t<span class=\"elementor-button-content-wrapper\">\n\t\t\t\t\t\t\t\t\t<span class=\"elementor-button-text\">More News<\/span>\n\t\t\t\t\t<\/span>\n\t\t\t\t\t<\/a>\n\t\t\t\t<\/div>\n\t\t\t\t\t\t\t\t<\/div>\n\t\t\t\t<\/div>\n\t\t\t\t<div class=\"elementor-element elementor-element-e407c03 elementor-widget elementor-widget-spacer\" data-id=\"e407c03\" data-element_type=\"widget\" data-e-type=\"widget\" data-widget_type=\"spacer.default\">\n\t\t\t\t<div class=\"elementor-widget-container\">\n\t\t\t\t\t\t\t<div class=\"elementor-spacer\">\n\t\t\t<div class=\"elementor-spacer-inner\"><\/div>\n\t\t<\/div>\n\t\t\t\t\t\t<\/div>\n\t\t\t\t<\/div>\n\t\t\t\t<div class=\"elementor-element elementor-element-a68ad02 elementor-widget elementor-widget-heading\" data-id=\"a68ad02\" data-element_type=\"widget\" data-e-type=\"widget\" data-widget_type=\"heading.default\">\n\t\t\t\t<div class=\"elementor-widget-container\">\n\t\t\t\t\t<h2 class=\"elementor-heading-title elementor-size-default\">Projekti Video<\/h2>\t\t\t\t<\/div>\n\t\t\t\t<\/div>\n\t\t\t\t<div class=\"elementor-element elementor-element-69a4d28 elementor-widget elementor-widget-text-editor\" data-id=\"69a4d28\" data-element_type=\"widget\" data-e-type=\"widget\" data-widget_type=\"text-editor.default\">\n\t\t\t\t<div class=\"elementor-widget-container\">\n\t\t\t\t\t\t\t\t\t<p>Esittelyvideo esittelee VRCare-hankkeen vision ja keskeiset tavoitteet.<\/p>\t\t\t\t\t\t\t\t<\/div>\n\t\t\t\t<\/div>\n\t\t\t\t<div class=\"elementor-element elementor-element-d4815ed elementor-view-default elementor-widget elementor-widget-icon\" data-id=\"d4815ed\" data-element_type=\"widget\" data-e-type=\"widget\" data-widget_type=\"icon.default\">\n\t\t\t\t<div class=\"elementor-widget-container\">\n\t\t\t\t\t\t\t<div class=\"elementor-icon-wrapper\">\n\t\t\t<div class=\"elementor-icon\">\n\t\t\t<svg xmlns=\"http:\/\/www.w3.org\/2000\/svg\" xmlns:xlink=\"http:\/\/www.w3.org\/1999\/xlink\" id=\"Layer_1\" x=\"0px\" y=\"0px\" viewBox=\"0 0 987.2 395.3\" style=\"enable-background:new 0 0 987.2 395.3;\" xml:space=\"preserve\"><style type=\"text\/css\">\t.st0{fill:#F38024;}<\/style><g>\t<path class=\"st0\" d=\"M847.8,360.5c13.8-16.1,23.8-37,28.2-60.5c1.6-8.6,2.5-17.5,2.5-26.7V45.8c0-13.3-4.7-25.2-11.7-33.3  C859.7,4.4,851,0,841.6,0H143.4c-9.4,0-18.2,4.4-25.2,12.5c-7,8.1-11.7,19.9-11.6,33.3v227.5c0,9.2,0.9,18.1,2.5,26.7  c4.4,23.6,14.5,44.5,28.2,60.5c18.8,22,43.9,34.8,71.3,34.8h145.2c15.8,0,31.3-4.8,45.3-14.4l0,0l31-21l1.7-1.1  c19.3-13.2,41.3-19.9,63.4-19.9c20.3,0,40.7,5.7,58.9,17l44.3,27.3c13.1,8.1,27.5,12.2,42,12.2h136.3  C803.9,395.3,828.9,382.4,847.8,360.5z\"><\/path>\t<path class=\"st0\" d=\"M3.9,52.6C1.7,55.1,0,59.2,0,64v209.9c0,4.8,1.7,8.8,3.9,11.3c2.2,2.5,4.3,3.4,6.4,3.4h36.2V49.2H10.3  C8.2,49.3,6.1,50.1,3.9,52.6z\"><\/path>\t<path class=\"st0\" d=\"M983.3,285.2c2.1-2.5,3.9-6.5,3.9-11.3V64c0-4.8-1.7-8.8-3.9-11.3c-2.2-2.5-4.3-3.4-6.4-3.4h-36.2v239.4h36.2  C979,288.6,981.1,287.8,983.3,285.2z\"><\/path><\/g><\/svg>\t\t\t<\/div>\n\t\t<\/div>\n\t\t\t\t\t\t<\/div>\n\t\t\t\t<\/div>\n\t\t\t\t<div class=\"elementor-element elementor-element-85efab4 elementor-widget__width-initial elementor-widget elementor-widget-video\" data-id=\"85efab4\" data-element_type=\"widget\" data-e-type=\"widget\" data-settings=\"{&quot;youtube_url&quot;:&quot;https:\\\/\\\/www.youtube.com\\\/watch?v=SukeO3fDu5o&quot;,&quot;video_type&quot;:&quot;youtube&quot;,&quot;controls&quot;:&quot;yes&quot;}\" data-widget_type=\"video.default\">\n\t\t\t\t<div class=\"elementor-widget-container\">\n\t\t\t\t\t\t\t<div class=\"elementor-wrapper elementor-open-inline\">\n\t\t\t<div class=\"elementor-video\"><\/div>\t\t<\/div>\n\t\t\t\t\t\t<\/div>\n\t\t\t\t<\/div>\n\t\t\t\t<div class=\"elementor-element elementor-element-cb4b04c elementor-widget__width-initial elementor-widget elementor-widget-text-editor\" data-id=\"cb4b04c\" data-element_type=\"widget\" data-e-type=\"widget\" data-widget_type=\"text-editor.default\">\n\t\t\t\t<div class=\"elementor-widget-container\">\n\t\t\t\t\t\t\t\t\t<p><span data-teams=\"true\">Euroopan unionin rahoittama. Esitetyt n\u00e4kemykset ja mielipiteet ovat kuitenkin vain tekij\u00e4n\/tekij\u00f6iden omia eiv\u00e4tk\u00e4 v\u00e4ltt\u00e4m\u00e4tt\u00e4 edusta Euroopan Unionin tai Suomen Opetushallituksen (EDUFI) n\u00e4kemyksi\u00e4. Euroopan Unioni tai rahoittajaviranomainen eiv\u00e4t ole vastuussa niist\u00e4.<\/span><\/p>\t\t\t\t\t\t\t\t<\/div>\n\t\t\t\t<\/div>\n\t\t\t\t<div class=\"elementor-element elementor-element-3859fe6 elementor-widget elementor-widget-spacer\" data-id=\"3859fe6\" data-element_type=\"widget\" data-e-type=\"widget\" data-widget_type=\"spacer.default\">\n\t\t\t\t<div class=\"elementor-widget-container\">\n\t\t\t\t\t\t\t<div class=\"elementor-spacer\">\n\t\t\t<div class=\"elementor-spacer-inner\"><\/div>\n\t\t<\/div>\n\t\t\t\t\t\t<\/div>\n\t\t\t\t<\/div>\n\t\t\t\t\t<\/div>\n\t\t\t\t<\/div>\n\t\t\t\t<\/div>\n\t\t","protected":false},"excerpt":{"rendered":"<p>Virtuaalitodellisuus osana k\u00e4yt\u00e4nn\u00f6n&nbsp;hoitoty\u00f6t\u00e4 Hoiva-alaan liittyv\u00e4n opetuksen modernisointi virtuaalitodellisuuden avulla: vuorovaikutus-, etiikka-, simulaatio- ja aistikoulutus Lue lis\u00e4\u00e4 Tietoa hankkeesta VRCare on innovatiivinen l\u00e4hestymistapa, joka hy\u00f6dynt\u00e4\u00e4 virtuaalitodellisuutta tapana uudistaa perinteist\u00e4 sosiaali- ja terveysalan koulutusta. Hanke keskittyy erityisesti lasten ja vanhusten hyvinvointiin tarjoamalla uudenlaisen tavan olla vuorovaikutuksessa ja virikkeiden luomiseen. Hanke auttaa parantamaan sosiaali- ja terveydenhuoltopalveluja, keskittym\u00e4\u00e4n vuorovaikutukseen, [&hellip;]<\/p>\n","protected":false},"author":3,"featured_media":996,"parent":0,"menu_order":0,"comment_status":"closed","ping_status":"closed","template":"","meta":{"footnotes":""},"class_list":["post-1138","page","type-page","status-publish","has-post-thumbnail","hentry"],"_links":{"self":[{"href":"https:\/\/vrcare-project.eu\/fi\/wp-json\/wp\/v2\/pages\/1138","targetHints":{"allow":["GET"]}}],"collection":[{"href":"https:\/\/vrcare-project.eu\/fi\/wp-json\/wp\/v2\/pages"}],"about":[{"href":"https:\/\/vrcare-project.eu\/fi\/wp-json\/wp\/v2\/types\/page"}],"author":[{"embeddable":true,"href":"https:\/\/vrcare-project.eu\/fi\/wp-json\/wp\/v2\/users\/3"}],"replies":[{"embeddable":true,"href":"https:\/\/vrcare-project.eu\/fi\/wp-json\/wp\/v2\/comments?post=1138"}],"version-history":[{"count":19,"href":"https:\/\/vrcare-project.eu\/fi\/wp-json\/wp\/v2\/pages\/1138\/revisions"}],"predecessor-version":[{"id":2812,"href":"https:\/\/vrcare-project.eu\/fi\/wp-json\/wp\/v2\/pages\/1138\/revisions\/2812"}],"wp:featuredmedia":[{"embeddable":true,"href":"https:\/\/vrcare-project.eu\/fi\/wp-json\/wp\/v2\/media\/996"}],"wp:attachment":[{"href":"https:\/\/vrcare-project.eu\/fi\/wp-json\/wp\/v2\/media?parent=1138"}],"curies":[{"name":"wp","href":"https:\/\/api.w.org\/{rel}","templated":true}]}}