{"id":1142,"date":"2025-01-23T08:55:33","date_gmt":"2025-01-23T08:55:33","guid":{"rendered":"https:\/\/vrcare-project.eu\/tulokset\/"},"modified":"2025-01-23T08:55:34","modified_gmt":"2025-01-23T08:55:34","slug":"tulokset","status":"publish","type":"page","link":"https:\/\/vrcare-project.eu\/fi\/tulokset\/","title":{"rendered":"Tulokset"},"content":{"rendered":"\t\t<div data-elementor-type=\"wp-page\" data-elementor-id=\"1142\" class=\"elementor elementor-1142 elementor-11\" data-elementor-post-type=\"page\">\n\t\t\t\t<div class=\"elementor-element elementor-element-c6eb047 e-flex e-con-boxed e-con e-parent\" data-id=\"c6eb047\" data-element_type=\"container\" data-e-type=\"container\" data-settings=\"{&quot;background_background&quot;:&quot;classic&quot;}\">\n\t\t\t\t\t<div class=\"e-con-inner\">\n\t\t\t\t<div class=\"elementor-element elementor-element-1f58be7 elementor-widget elementor-widget-image\" data-id=\"1f58be7\" data-element_type=\"widget\" data-e-type=\"widget\" data-widget_type=\"image.default\">\n\t\t\t\t<div class=\"elementor-widget-container\">\n\t\t\t\t\t\t\t\t\t\t\t\t\t\t\t<img fetchpriority=\"high\" decoding=\"async\" width=\"749\" height=\"730\" src=\"https:\/\/vrcare-project.eu\/wp-content\/uploads\/2024\/12\/vrcare-project-results3.png\" class=\"attachment-large size-large wp-image-981\" alt=\"\" srcset=\"https:\/\/vrcare-project.eu\/wp-content\/uploads\/2024\/12\/vrcare-project-results3.png 749w, https:\/\/vrcare-project.eu\/wp-content\/uploads\/2024\/12\/vrcare-project-results3-300x292.png 300w\" sizes=\"(max-width: 749px) 100vw, 749px\" \/>\t\t\t\t\t\t\t\t\t\t\t\t\t\t\t<\/div>\n\t\t\t\t<\/div>\n\t\t\t\t<div class=\"elementor-element elementor-element-9564509 elementor-headline--style-rotate elementor-widget elementor-widget-animated-headline\" data-id=\"9564509\" data-element_type=\"widget\" data-e-type=\"widget\" data-settings=\"{&quot;headline_style&quot;:&quot;rotate&quot;,&quot;rotating_text&quot;:&quot;tulokset&quot;,&quot;animation_type&quot;:&quot;typing&quot;,&quot;loop&quot;:&quot;yes&quot;,&quot;rotate_iteration_delay&quot;:2500}\" data-widget_type=\"animated-headline.default\">\n\t\t\t\t<div class=\"elementor-widget-container\">\n\t\t\t\t\t\t\t<h3 class=\"elementor-headline elementor-headline-animation-type-typing elementor-headline-letters\">\n\t\t\t\t\t<span class=\"elementor-headline-plain-text elementor-headline-text-wrapper\">Hankkeen<\/span>\n\t\t\t\t<span class=\"elementor-headline-dynamic-wrapper elementor-headline-text-wrapper\">\n\t\t\t\t\t<span class=\"elementor-headline-dynamic-text elementor-headline-text-active\">\n\t\t\t\ttulokset\t\t\t<\/span>\n\t\t\t\t\t\t<\/span>\n\t\t\t\t<\/h3>\n\t\t\t\t\t\t<\/div>\n\t\t\t\t<\/div>\n\t\t\t\t\t<\/div>\n\t\t\t\t<\/div>\n\t\t<div class=\"elementor-element elementor-element-85e9b02 e-flex e-con-boxed e-con e-parent\" data-id=\"85e9b02\" data-element_type=\"container\" data-e-type=\"container\" data-settings=\"{&quot;background_background&quot;:&quot;classic&quot;,&quot;shape_divider_bottom&quot;:&quot;opacity-fan&quot;}\">\n\t\t\t\t\t<div class=\"e-con-inner\">\n\t\t\t\t<div class=\"elementor-shape elementor-shape-bottom\" aria-hidden=\"true\" data-negative=\"false\">\n\t\t\t<svg xmlns=\"http:\/\/www.w3.org\/2000\/svg\" viewBox=\"0 0 283.5 19.6\" preserveAspectRatio=\"none\">\n\t<path class=\"elementor-shape-fill\" style=\"opacity:0.33\" d=\"M0 0L0 18.8 141.8 4.1 283.5 18.8 283.5 0z\"\/>\n\t<path class=\"elementor-shape-fill\" style=\"opacity:0.33\" d=\"M0 0L0 12.6 141.8 4 283.5 12.6 283.5 0z\"\/>\n\t<path class=\"elementor-shape-fill\" style=\"opacity:0.33\" d=\"M0 0L0 6.4 141.8 4 283.5 6.4 283.5 0z\"\/>\n\t<path class=\"elementor-shape-fill\" d=\"M0 0L0 1.2 141.8 4 283.5 1.2 283.5 0z\"\/>\n<\/svg>\t\t<\/div>\n\t\t\t\t<div class=\"elementor-element elementor-element-c6515da elementor-widget elementor-widget-spacer\" data-id=\"c6515da\" data-element_type=\"widget\" data-e-type=\"widget\" data-widget_type=\"spacer.default\">\n\t\t\t\t<div class=\"elementor-widget-container\">\n\t\t\t\t\t\t\t<div class=\"elementor-spacer\">\n\t\t\t<div class=\"elementor-spacer-inner\"><\/div>\n\t\t<\/div>\n\t\t\t\t\t\t<\/div>\n\t\t\t\t<\/div>\n\t\t<div class=\"elementor-element elementor-element-03c80f6 e-con-full e-flex e-con e-child\" data-id=\"03c80f6\" data-element_type=\"container\" data-e-type=\"container\" id=\"vle\">\n\t\t<div class=\"elementor-element elementor-element-619af72 e-con-full e-flex e-con e-child\" data-id=\"619af72\" data-element_type=\"container\" data-e-type=\"container\" data-settings=\"{&quot;background_background&quot;:&quot;classic&quot;}\">\n\t\t\t\t<\/div>\n\t\t<div class=\"elementor-element elementor-element-1bc986f e-con-full e-flex e-con e-child\" data-id=\"1bc986f\" data-element_type=\"container\" data-e-type=\"container\">\n\t\t\t\t<div class=\"elementor-element elementor-element-0738368 elementor-widget elementor-widget-heading\" data-id=\"0738368\" data-element_type=\"widget\" data-e-type=\"widget\" data-widget_type=\"heading.default\">\n\t\t\t\t<div class=\"elementor-widget-container\">\n\t\t\t\t\t<h2 class=\"elementor-heading-title elementor-size-default\">VRCARE Virtuaalinen oppimisymp\u00e4rist\u00f6 (VLE)<\/h2>\t\t\t\t<\/div>\n\t\t\t\t<\/div>\n\t\t\t\t<div class=\"elementor-element elementor-element-8363cc8 elementor-view-default elementor-widget elementor-widget-icon\" data-id=\"8363cc8\" data-element_type=\"widget\" data-e-type=\"widget\" data-widget_type=\"icon.default\">\n\t\t\t\t<div class=\"elementor-widget-container\">\n\t\t\t\t\t\t\t<div class=\"elementor-icon-wrapper\">\n\t\t\t<div class=\"elementor-icon\">\n\t\t\t<svg xmlns=\"http:\/\/www.w3.org\/2000\/svg\" xmlns:xlink=\"http:\/\/www.w3.org\/1999\/xlink\" id=\"Layer_1\" x=\"0px\" y=\"0px\" viewBox=\"0 0 987.2 395.3\" style=\"enable-background:new 0 0 987.2 395.3;\" xml:space=\"preserve\"><style type=\"text\/css\">\t.st0{fill:#F38024;}<\/style><g>\t<path class=\"st0\" d=\"M847.8,360.5c13.8-16.1,23.8-37,28.2-60.5c1.6-8.6,2.5-17.5,2.5-26.7V45.8c0-13.3-4.7-25.2-11.7-33.3  C859.7,4.4,851,0,841.6,0H143.4c-9.4,0-18.2,4.4-25.2,12.5c-7,8.1-11.7,19.9-11.6,33.3v227.5c0,9.2,0.9,18.1,2.5,26.7  c4.4,23.6,14.5,44.5,28.2,60.5c18.8,22,43.9,34.8,71.3,34.8h145.2c15.8,0,31.3-4.8,45.3-14.4l0,0l31-21l1.7-1.1  c19.3-13.2,41.3-19.9,63.4-19.9c20.3,0,40.7,5.7,58.9,17l44.3,27.3c13.1,8.1,27.5,12.2,42,12.2h136.3  C803.9,395.3,828.9,382.4,847.8,360.5z\"><\/path>\t<path class=\"st0\" d=\"M3.9,52.6C1.7,55.1,0,59.2,0,64v209.9c0,4.8,1.7,8.8,3.9,11.3c2.2,2.5,4.3,3.4,6.4,3.4h36.2V49.2H10.3  C8.2,49.3,6.1,50.1,3.9,52.6z\"><\/path>\t<path class=\"st0\" d=\"M983.3,285.2c2.1-2.5,3.9-6.5,3.9-11.3V64c0-4.8-1.7-8.8-3.9-11.3c-2.2-2.5-4.3-3.4-6.4-3.4h-36.2v239.4h36.2  C979,288.6,981.1,287.8,983.3,285.2z\"><\/path><\/g><\/svg>\t\t\t<\/div>\n\t\t<\/div>\n\t\t\t\t\t\t<\/div>\n\t\t\t\t<\/div>\n\t\t\t\t<div class=\"elementor-element elementor-element-a8b4e51 elementor-widget elementor-widget-text-editor\" data-id=\"a8b4e51\" data-element_type=\"widget\" data-e-type=\"widget\" data-widget_type=\"text-editor.default\">\n\t\t\t\t<div class=\"elementor-widget-container\">\n\t\t\t\t\t\t\t\t\t<p>VLE sis\u00e4lt\u00e4\u00e4 vinkkej\u00e4 siit\u00e4, miten VR:\u00e4\u00e4 voidaan ottaa k\u00e4ytt\u00f6\u00f6n pedagogisena ty\u00f6kaluna, miten sit\u00e4 voidaan hy\u00f6dynt\u00e4\u00e4 opetus-\/hoivatarkoituksissa sek\u00e4 mit\u00e4 etuja siit\u00e4 on opetuksessa. Siin\u00e4 kerrotaan my\u00f6s mahdollisista haasteista, joita hoitajat ja opettajat voivat kohdata k\u00e4ytt\u00e4ess\u00e4\u00e4n VR:\u00e4\u00e4 opetuksessa ja hoivaty\u00f6ss\u00e4. VLE antaa opettajille ja hoitajille tarvittavan taustatiedon jotta he rohkaistuvat hy\u00f6dynt\u00e4m\u00e4\u00e4n VRCARE-kirjastoa samalla kun se tukee heit\u00e4 voittamaan ne esteet jotka heill\u00e4 olla.<\/p>\n\t\t\t\t\t\t\t\t<\/div>\n\t\t\t\t<\/div>\n\t\t\t\t<\/div>\n\t\t\t\t<\/div>\n\t\t\t\t<div class=\"elementor-element elementor-element-b19dfc6 elementor-widget elementor-widget-spacer\" data-id=\"b19dfc6\" data-element_type=\"widget\" data-e-type=\"widget\" data-widget_type=\"spacer.default\">\n\t\t\t\t<div class=\"elementor-widget-container\">\n\t\t\t\t\t\t\t<div class=\"elementor-spacer\">\n\t\t\t<div class=\"elementor-spacer-inner\"><\/div>\n\t\t<\/div>\n\t\t\t\t\t\t<\/div>\n\t\t\t\t<\/div>\n\t\t<div class=\"elementor-element elementor-element-fd158c8 e-con-full e-flex e-con e-child\" data-id=\"fd158c8\" data-element_type=\"container\" data-e-type=\"container\" id=\"lib\">\n\t\t<div class=\"elementor-element elementor-element-9b0bafe e-con-full e-flex e-con e-child\" data-id=\"9b0bafe\" data-element_type=\"container\" data-e-type=\"container\">\n\t\t\t\t<div class=\"elementor-element elementor-element-5197a4b elementor-widget elementor-widget-heading\" data-id=\"5197a4b\" data-element_type=\"widget\" data-e-type=\"widget\" data-widget_type=\"heading.default\">\n\t\t\t\t<div class=\"elementor-widget-container\">\n\t\t\t\t\t<h2 class=\"elementor-heading-title elementor-size-default\">VRCARE Kirjasto<\/h2>\t\t\t\t<\/div>\n\t\t\t\t<\/div>\n\t\t\t\t<div class=\"elementor-element elementor-element-7065017 elementor-view-default elementor-widget elementor-widget-icon\" data-id=\"7065017\" data-element_type=\"widget\" data-e-type=\"widget\" data-widget_type=\"icon.default\">\n\t\t\t\t<div class=\"elementor-widget-container\">\n\t\t\t\t\t\t\t<div class=\"elementor-icon-wrapper\">\n\t\t\t<div class=\"elementor-icon\">\n\t\t\t<svg xmlns=\"http:\/\/www.w3.org\/2000\/svg\" xmlns:xlink=\"http:\/\/www.w3.org\/1999\/xlink\" id=\"Layer_1\" x=\"0px\" y=\"0px\" viewBox=\"0 0 987.2 395.3\" style=\"enable-background:new 0 0 987.2 395.3;\" xml:space=\"preserve\"><style type=\"text\/css\">\t.st0{fill:#F38024;}<\/style><g>\t<path class=\"st0\" d=\"M847.8,360.5c13.8-16.1,23.8-37,28.2-60.5c1.6-8.6,2.5-17.5,2.5-26.7V45.8c0-13.3-4.7-25.2-11.7-33.3  C859.7,4.4,851,0,841.6,0H143.4c-9.4,0-18.2,4.4-25.2,12.5c-7,8.1-11.7,19.9-11.6,33.3v227.5c0,9.2,0.9,18.1,2.5,26.7  c4.4,23.6,14.5,44.5,28.2,60.5c18.8,22,43.9,34.8,71.3,34.8h145.2c15.8,0,31.3-4.8,45.3-14.4l0,0l31-21l1.7-1.1  c19.3-13.2,41.3-19.9,63.4-19.9c20.3,0,40.7,5.7,58.9,17l44.3,27.3c13.1,8.1,27.5,12.2,42,12.2h136.3  C803.9,395.3,828.9,382.4,847.8,360.5z\"><\/path>\t<path class=\"st0\" d=\"M3.9,52.6C1.7,55.1,0,59.2,0,64v209.9c0,4.8,1.7,8.8,3.9,11.3c2.2,2.5,4.3,3.4,6.4,3.4h36.2V49.2H10.3  C8.2,49.3,6.1,50.1,3.9,52.6z\"><\/path>\t<path class=\"st0\" d=\"M983.3,285.2c2.1-2.5,3.9-6.5,3.9-11.3V64c0-4.8-1.7-8.8-3.9-11.3c-2.2-2.5-4.3-3.4-6.4-3.4h-36.2v239.4h36.2  C979,288.6,981.1,287.8,983.3,285.2z\"><\/path><\/g><\/svg>\t\t\t<\/div>\n\t\t<\/div>\n\t\t\t\t\t\t<\/div>\n\t\t\t\t<\/div>\n\t\t\t\t<div class=\"elementor-element elementor-element-9d456f7 elementor-widget elementor-widget-text-editor\" data-id=\"9d456f7\" data-element_type=\"widget\" data-e-type=\"widget\" data-widget_type=\"text-editor.default\">\n\t\t\t\t<div class=\"elementor-widget-container\">\n\t\t\t\t\t\t\t\t\t<p>VRCARE-kirjasto sis\u00e4lt\u00e4\u00e4 kaikki hankkeen aikana kehitetyt tosiel\u00e4m\u00e4n perustuvat k\u00e4sikirjoitukset ja VR-skenaariot. Tavoitteena on auttaa mahdollisia k\u00e4ytt\u00e4ji\u00e4 l\u00f6yt\u00e4m\u00e4\u00e4n n\u00e4m\u00e4 k\u00e4sikirjoitukset ja skenaariot sek\u00e4 tukea niiden k\u00e4ytt\u00f6\u00f6nottoa. Kirjastosta k\u00e4ytt\u00e4j\u00e4t l\u00f6yt\u00e4v\u00e4t k\u00e4ytt\u00f6ohjeita, vinkkej\u00e4 ja ehdotuksia siit\u00e4 milloin ja miten skriptej\u00e4 ja skenaarioita voi k\u00e4ytt\u00e4\u00e4 kouluissa tai hoivakodeissa. Se tarjoaa opettajille ja hoitajille tarvittavat tiedot ja taidot, jotta he saavat tarvittavan itseluottamuksen k\u00e4ytt\u00e4\u00e4 VR:\u00e4\u00e4 opetus- ja\/tai &#8221;hoitotarkoituksiin&#8221; ja tukee heit\u00e4 tekem\u00e4\u00e4n opetuksesta ja hoidosta kokonaisvaltaisempaa. Tavoitteena on muun muassa lis\u00e4t\u00e4 tietoisuutta siit\u00e4, miten VR voi tukea aistien stimulointia.<\/p>\n\t\t\t\t\t\t\t\t<\/div>\n\t\t\t\t<\/div>\n\t\t\t\t<\/div>\n\t\t<div class=\"elementor-element elementor-element-952e929 e-con-full e-flex e-con e-child\" data-id=\"952e929\" data-element_type=\"container\" data-e-type=\"container\" data-settings=\"{&quot;background_background&quot;:&quot;classic&quot;}\">\n\t\t\t\t<\/div>\n\t\t\t\t<\/div>\n\t\t\t\t<div class=\"elementor-element elementor-element-f88e2f0 elementor-widget elementor-widget-spacer\" data-id=\"f88e2f0\" data-element_type=\"widget\" data-e-type=\"widget\" data-widget_type=\"spacer.default\">\n\t\t\t\t<div class=\"elementor-widget-container\">\n\t\t\t\t\t\t\t<div class=\"elementor-spacer\">\n\t\t\t<div class=\"elementor-spacer-inner\"><\/div>\n\t\t<\/div>\n\t\t\t\t\t\t<\/div>\n\t\t\t\t<\/div>\n\t\t<div class=\"elementor-element elementor-element-c92ae91 e-con-full e-flex e-con e-child\" data-id=\"c92ae91\" data-element_type=\"container\" data-e-type=\"container\">\n\t\t<div class=\"elementor-element elementor-element-b854aff e-con-full e-flex e-con e-child\" data-id=\"b854aff\" data-element_type=\"container\" data-e-type=\"container\" data-settings=\"{&quot;background_background&quot;:&quot;classic&quot;}\">\n\t\t\t\t<div class=\"elementor-element elementor-element-29ac3cb elementor-shape-circle elementor-grid-0 e-grid-align-center elementor-widget elementor-widget-social-icons\" data-id=\"29ac3cb\" data-element_type=\"widget\" data-e-type=\"widget\" data-widget_type=\"social-icons.default\">\n\t\t\t\t<div class=\"elementor-widget-container\">\n\t\t\t\t\t\t\t<div class=\"elementor-social-icons-wrapper elementor-grid\">\n\t\t\t\t\t\t\t<span class=\"elementor-grid-item\">\n\t\t\t\t\t<a class=\"elementor-icon elementor-social-icon elementor-social-icon-book-open elementor-repeater-item-02203c7\" target=\"_blank\">\n\t\t\t\t\t\t<span class=\"elementor-screen-only\">Book-open<\/span>\n\t\t\t\t\t\t<i aria-hidden=\"true\" class=\"fas fa-book-open\"><\/i>\t\t\t\t\t<\/a>\n\t\t\t\t<\/span>\n\t\t\t\t\t<\/div>\n\t\t\t\t\t\t<\/div>\n\t\t\t\t<\/div>\n\t\t\t\t<div class=\"elementor-element elementor-element-d78b728 elementor-widget elementor-widget-heading\" data-id=\"d78b728\" data-element_type=\"widget\" data-e-type=\"widget\" data-widget_type=\"heading.default\">\n\t\t\t\t<div class=\"elementor-widget-container\">\n\t\t\t\t\t<h5 class=\"elementor-heading-title elementor-size-default\">72 tosiel\u00e4m\u00e4\u00e4n perustuvaa k\u00e4sikirjoitusta<\/h5>\t\t\t\t<\/div>\n\t\t\t\t<\/div>\n\t\t\t\t<div class=\"elementor-element elementor-element-c75b327 elementor-widget elementor-widget-text-editor\" data-id=\"c75b327\" data-element_type=\"widget\" data-e-type=\"widget\" data-widget_type=\"text-editor.default\">\n\t\t\t\t<div class=\"elementor-widget-container\">\n\t\t\t\t\t\t\t\t\t<p>Opettajat ja hoitajat kirjoittavat yhteisty\u00f6ss\u00e4 tosiel\u00e4m\u00e4\u00e4n perustuvia k\u00e4sikirjoituksia, joissa keskityt\u00e4\u00e4n etiikkaan ja vuorovaikutukseen terveydenhuollon toimintaymp\u00e4rist\u00f6iss\u00e4 sek\u00e4 vanhusten ja lasten stimulointiin ja aktivointiin hoivakeskuksissa.<\/p>\n\t\t\t\t\t\t\t\t<\/div>\n\t\t\t\t<\/div>\n\t\t\t\t<\/div>\n\t\t<div class=\"elementor-element elementor-element-b1166d4 e-con-full e-flex e-con e-child\" data-id=\"b1166d4\" data-element_type=\"container\" data-e-type=\"container\" data-settings=\"{&quot;background_background&quot;:&quot;classic&quot;}\">\n\t\t\t\t<div class=\"elementor-element elementor-element-891d01f elementor-shape-circle elementor-grid-0 e-grid-align-center elementor-widget elementor-widget-social-icons\" data-id=\"891d01f\" data-element_type=\"widget\" data-e-type=\"widget\" data-widget_type=\"social-icons.default\">\n\t\t\t\t<div class=\"elementor-widget-container\">\n\t\t\t\t\t\t\t<div class=\"elementor-social-icons-wrapper elementor-grid\">\n\t\t\t\t\t\t\t<span class=\"elementor-grid-item\">\n\t\t\t\t\t<a class=\"elementor-icon elementor-social-icon elementor-social-icon- elementor-repeater-item-02203c7\" target=\"_blank\">\n\t\t\t\t\t\t<span class=\"elementor-screen-only\"><\/span>\n\t\t\t\t\t\t<svg xmlns=\"http:\/\/www.w3.org\/2000\/svg\" xmlns:xlink=\"http:\/\/www.w3.org\/1999\/xlink\" id=\"vr\" x=\"0px\" y=\"0px\" viewBox=\"0 0 512 512\" style=\"enable-background:new 0 0 512 512;\" xml:space=\"preserve\"><g>\t<path d=\"M16,496v-60c0-22,17.1-45.7,38-52.7l100.3-33.4c26.1,27.7,62.9,45.3,101.8,45.3s75.7-17.6,101.8-45.3l100.3,33.4  c20.9,7,37.9,30.7,37.9,52.7v60H16z M376,116H136c-22,0-40,18-40,40v60c0,22,18,40,40,40h240c22,0,40-18,40-40v-60  C416,134,398,116,376,116z M176,196h-40v-40h40V196z\"><\/path>\t<path d=\"M161.2,286c13.5,39.2,53.2,69.2,94.8,69.2s81.3-30,94.8-69.2H161.2z M366.6,86C349.1,44.3,308.1,16,256,16  c-52.1,0-93.1,28.3-110.6,70H366.6z\"><\/path><\/g><\/svg>\t\t\t\t\t<\/a>\n\t\t\t\t<\/span>\n\t\t\t\t\t<\/div>\n\t\t\t\t\t\t<\/div>\n\t\t\t\t<\/div>\n\t\t\t\t<div class=\"elementor-element elementor-element-2058763 elementor-widget elementor-widget-heading\" data-id=\"2058763\" data-element_type=\"widget\" data-e-type=\"widget\" data-widget_type=\"heading.default\">\n\t\t\t\t<div class=\"elementor-widget-container\">\n\t\t\t\t\t<h5 class=\"elementor-heading-title elementor-size-default\">12 VR-skenariota<\/h5>\t\t\t\t<\/div>\n\t\t\t\t<\/div>\n\t\t\t\t<div class=\"elementor-element elementor-element-5f8997e elementor-widget elementor-widget-text-editor\" data-id=\"5f8997e\" data-element_type=\"widget\" data-e-type=\"widget\" data-widget_type=\"text-editor.default\">\n\t\t\t\t<div class=\"elementor-widget-container\">\n\t\t\t\t\t\t\t\t\t<p>12 tosiel\u00e4m\u00e4\u00e4n perustuvaa k\u00e4sikirjoitusta valitaan ja muunnetaan VR-skenaarioiksi, joita kuka tahansa, jolla on ohjelmoimattomat VR-lasit, voi hy\u00f6dynt\u00e4\u00e4 ty\u00f6skennelless\u00e4\u00e4n vanhusten tai lasten kanssa tai kouluttaessaan skenaariossa k\u00e4siteltyj\u00e4 aiheita. Skenaarioita testataan pilotoimalla, ne sis\u00e4llytet\u00e4\u00e4n olemassa oleviin kursseihin ja jaetaan muille aktiivisen levitystoiminnan kautta.<\/p>\n\t\t\t\t\t\t\t\t<\/div>\n\t\t\t\t<\/div>\n\t\t\t\t<\/div>\n\t\t\t\t<\/div>\n\t\t\t\t<div class=\"elementor-element elementor-element-ed2e115 elementor-widget elementor-widget-spacer\" data-id=\"ed2e115\" data-element_type=\"widget\" data-e-type=\"widget\" data-widget_type=\"spacer.default\">\n\t\t\t\t<div class=\"elementor-widget-container\">\n\t\t\t\t\t\t\t<div class=\"elementor-spacer\">\n\t\t\t<div class=\"elementor-spacer-inner\"><\/div>\n\t\t<\/div>\n\t\t\t\t\t\t<\/div>\n\t\t\t\t<\/div>\n\t\t\t\t\t<\/div>\n\t\t\t\t<\/div>\n\t\t\t\t<\/div>\n\t\t","protected":false},"excerpt":{"rendered":"<p>Hankkeen tulokset VRCARE Virtuaalinen oppimisymp\u00e4rist\u00f6 (VLE) VLE sis\u00e4lt\u00e4\u00e4 vinkkej\u00e4 siit\u00e4, miten VR:\u00e4\u00e4 voidaan ottaa k\u00e4ytt\u00f6\u00f6n pedagogisena ty\u00f6kaluna, miten sit\u00e4 voidaan hy\u00f6dynt\u00e4\u00e4 opetus-\/hoivatarkoituksissa sek\u00e4 mit\u00e4 etuja siit\u00e4 on opetuksessa. Siin\u00e4 kerrotaan my\u00f6s mahdollisista haasteista, joita hoitajat ja opettajat voivat kohdata k\u00e4ytt\u00e4ess\u00e4\u00e4n VR:\u00e4\u00e4 opetuksessa ja hoivaty\u00f6ss\u00e4. VLE antaa opettajille ja hoitajille tarvittavan taustatiedon jotta he rohkaistuvat hy\u00f6dynt\u00e4m\u00e4\u00e4n [&hellip;]<\/p>\n","protected":false},"author":3,"featured_media":1016,"parent":0,"menu_order":0,"comment_status":"closed","ping_status":"closed","template":"","meta":{"footnotes":""},"class_list":["post-1142","page","type-page","status-publish","has-post-thumbnail","hentry"],"_links":{"self":[{"href":"https:\/\/vrcare-project.eu\/fi\/wp-json\/wp\/v2\/pages\/1142","targetHints":{"allow":["GET"]}}],"collection":[{"href":"https:\/\/vrcare-project.eu\/fi\/wp-json\/wp\/v2\/pages"}],"about":[{"href":"https:\/\/vrcare-project.eu\/fi\/wp-json\/wp\/v2\/types\/page"}],"author":[{"embeddable":true,"href":"https:\/\/vrcare-project.eu\/fi\/wp-json\/wp\/v2\/users\/3"}],"replies":[{"embeddable":true,"href":"https:\/\/vrcare-project.eu\/fi\/wp-json\/wp\/v2\/comments?post=1142"}],"version-history":[{"count":1,"href":"https:\/\/vrcare-project.eu\/fi\/wp-json\/wp\/v2\/pages\/1142\/revisions"}],"predecessor-version":[{"id":1143,"href":"https:\/\/vrcare-project.eu\/fi\/wp-json\/wp\/v2\/pages\/1142\/revisions\/1143"}],"wp:featuredmedia":[{"embeddable":true,"href":"https:\/\/vrcare-project.eu\/fi\/wp-json\/wp\/v2\/media\/1016"}],"wp:attachment":[{"href":"https:\/\/vrcare-project.eu\/fi\/wp-json\/wp\/v2\/media?parent=1142"}],"curies":[{"name":"wp","href":"https:\/\/api.w.org\/{rel}","templated":true}]}}