{"id":1150,"date":"2025-01-23T09:23:55","date_gmt":"2025-01-23T09:23:55","guid":{"rendered":"https:\/\/vrcare-project.eu\/materiaalit\/"},"modified":"2026-04-03T13:04:46","modified_gmt":"2026-04-03T13:04:46","slug":"materiaalit","status":"publish","type":"page","link":"https:\/\/vrcare-project.eu\/fi\/materiaalit\/","title":{"rendered":"Materiaalit"},"content":{"rendered":"\t\t<div data-elementor-type=\"wp-page\" data-elementor-id=\"1150\" class=\"elementor elementor-1150 elementor-13\" data-elementor-post-type=\"page\">\n\t\t\t\t<div class=\"elementor-element elementor-element-a781e09 e-flex e-con-boxed e-con e-parent\" data-id=\"a781e09\" data-element_type=\"container\" data-e-type=\"container\" data-settings=\"{&quot;background_background&quot;:&quot;classic&quot;}\">\n\t\t\t\t\t<div class=\"e-con-inner\">\n\t\t\t\t<div class=\"elementor-element elementor-element-0153567 elementor-widget elementor-widget-image\" data-id=\"0153567\" data-element_type=\"widget\" data-e-type=\"widget\" data-widget_type=\"image.default\">\n\t\t\t\t<div class=\"elementor-widget-container\">\n\t\t\t\t\t\t\t\t\t\t\t\t\t\t\t<img fetchpriority=\"high\" decoding=\"async\" width=\"500\" height=\"487\" src=\"https:\/\/vrcare-project.eu\/wp-content\/uploads\/2024\/12\/vr-care-materials-page.png\" class=\"attachment-large size-large wp-image-916\" alt=\"\" srcset=\"https:\/\/vrcare-project.eu\/wp-content\/uploads\/2024\/12\/vr-care-materials-page.png 500w, https:\/\/vrcare-project.eu\/wp-content\/uploads\/2024\/12\/vr-care-materials-page-300x292.png 300w\" sizes=\"(max-width: 500px) 100vw, 500px\" \/>\t\t\t\t\t\t\t\t\t\t\t\t\t\t\t<\/div>\n\t\t\t\t<\/div>\n\t\t\t\t<div class=\"elementor-element elementor-element-d9478af elementor-headline--style-rotate elementor-widget elementor-widget-animated-headline\" data-id=\"d9478af\" data-element_type=\"widget\" data-e-type=\"widget\" data-settings=\"{&quot;headline_style&quot;:&quot;rotate&quot;,&quot;rotating_text&quot;:&quot;tuotetut materiaalit&quot;,&quot;animation_type&quot;:&quot;typing&quot;,&quot;loop&quot;:&quot;yes&quot;,&quot;rotate_iteration_delay&quot;:2500}\" data-widget_type=\"animated-headline.default\">\n\t\t\t\t<div class=\"elementor-widget-container\">\n\t\t\t\t\t\t\t<h3 class=\"elementor-headline elementor-headline-animation-type-typing elementor-headline-letters\">\n\t\t\t\t\t<span class=\"elementor-headline-plain-text elementor-headline-text-wrapper\">Hankkeessa<\/span>\n\t\t\t\t<span class=\"elementor-headline-dynamic-wrapper elementor-headline-text-wrapper\">\n\t\t\t\t\t<span class=\"elementor-headline-dynamic-text elementor-headline-text-active\">\n\t\t\t\ttuotetut&nbsp;materiaalit\t\t\t<\/span>\n\t\t\t\t\t\t<\/span>\n\t\t\t\t<\/h3>\n\t\t\t\t\t\t<\/div>\n\t\t\t\t<\/div>\n\t\t\t\t\t<\/div>\n\t\t\t\t<\/div>\n\t\t<div class=\"elementor-element elementor-element-fccb8c1 e-flex e-con-boxed e-con e-parent\" data-id=\"fccb8c1\" data-element_type=\"container\" data-e-type=\"container\" data-settings=\"{&quot;background_background&quot;:&quot;classic&quot;,&quot;shape_divider_bottom&quot;:&quot;opacity-fan&quot;}\">\n\t\t\t\t\t<div class=\"e-con-inner\">\n\t\t\t\t<div class=\"elementor-shape elementor-shape-bottom\" aria-hidden=\"true\" data-negative=\"false\">\n\t\t\t<svg xmlns=\"http:\/\/www.w3.org\/2000\/svg\" viewBox=\"0 0 283.5 19.6\" preserveAspectRatio=\"none\">\n\t<path class=\"elementor-shape-fill\" style=\"opacity:0.33\" d=\"M0 0L0 18.8 141.8 4.1 283.5 18.8 283.5 0z\"\/>\n\t<path class=\"elementor-shape-fill\" style=\"opacity:0.33\" d=\"M0 0L0 12.6 141.8 4 283.5 12.6 283.5 0z\"\/>\n\t<path class=\"elementor-shape-fill\" style=\"opacity:0.33\" d=\"M0 0L0 6.4 141.8 4 283.5 6.4 283.5 0z\"\/>\n\t<path class=\"elementor-shape-fill\" d=\"M0 0L0 1.2 141.8 4 283.5 1.2 283.5 0z\"\/>\n<\/svg>\t\t<\/div>\n\t\t\t\t<div class=\"elementor-element elementor-element-8acac92 elementor-widget elementor-widget-spacer\" data-id=\"8acac92\" data-element_type=\"widget\" data-e-type=\"widget\" data-widget_type=\"spacer.default\">\n\t\t\t\t<div class=\"elementor-widget-container\">\n\t\t\t\t\t\t\t<div class=\"elementor-spacer\">\n\t\t\t<div class=\"elementor-spacer-inner\"><\/div>\n\t\t<\/div>\n\t\t\t\t\t\t<\/div>\n\t\t\t\t<\/div>\n\t\t\t\t<div class=\"elementor-element elementor-element-6d2f963 elementor-widget elementor-widget-text-editor\" data-id=\"6d2f963\" data-element_type=\"widget\" data-e-type=\"widget\" data-widget_type=\"text-editor.default\">\n\t\t\t\t<div class=\"elementor-widget-container\">\n\t\t\t\t\t\t\t\t\t<p>Tutustu materiaaleihin, joissa esitell\u00e4\u00e4n VRCARE-hankkeen tavoitteita ja tuloksia. Digitaalisista levityslehtisist\u00e4 uutiskirjeisiin ja muihin tuotoksiin, t\u00e4m\u00e4 osio tarjoaa kattavan katsauksen hankkeen toimintaan ja tuloksiin joilla voit pysy\u00e4 ajan tasalla hankkeen viimeisimmist\u00e4 kehityksist\u00e4 ja julkaisuista.<\/p>\n\t\t\t\t\t\t\t\t<\/div>\n\t\t\t\t<\/div>\n\t\t\t\t<div class=\"elementor-element elementor-element-8ce4ead elementor-widget elementor-widget-spacer\" data-id=\"8ce4ead\" data-element_type=\"widget\" data-e-type=\"widget\" data-widget_type=\"spacer.default\">\n\t\t\t\t<div class=\"elementor-widget-container\">\n\t\t\t\t\t\t\t<div class=\"elementor-spacer\">\n\t\t\t<div class=\"elementor-spacer-inner\"><\/div>\n\t\t<\/div>\n\t\t\t\t\t\t<\/div>\n\t\t\t\t<\/div>\n\t\t<div class=\"elementor-element elementor-element-d930c4f e-con-full e-flex e-con e-child\" data-id=\"d930c4f\" data-element_type=\"container\" data-e-type=\"container\">\n\t\t<div class=\"elementor-element elementor-element-02bbc45 e-con-full e-flex e-con e-child\" data-id=\"02bbc45\" data-element_type=\"container\" data-e-type=\"container\">\n\t\t\t\t<div class=\"elementor-element elementor-element-32b9746 elementor-widget elementor-widget-heading\" data-id=\"32b9746\" data-element_type=\"widget\" data-e-type=\"widget\" data-widget_type=\"heading.default\">\n\t\t\t\t<div class=\"elementor-widget-container\">\n\t\t\t\t\t<h4 class=\"elementor-heading-title elementor-size-default\">Juliste<\/h4>\t\t\t\t<\/div>\n\t\t\t\t<\/div>\n\t\t\t\t<div class=\"elementor-element elementor-element-3275912 elementor-widget elementor-widget-image\" data-id=\"3275912\" data-element_type=\"widget\" data-e-type=\"widget\" data-widget_type=\"image.default\">\n\t\t\t\t<div class=\"elementor-widget-container\">\n\t\t\t\t\t\t\t\t\t\t\t\t\t\t\t<img decoding=\"async\" width=\"800\" height=\"800\" src=\"https:\/\/vrcare-project.eu\/wp-content\/uploads\/2026\/04\/FI_poster_VRCare_mockup.png\" class=\"attachment-large size-large wp-image-2745\" alt=\"\" srcset=\"https:\/\/vrcare-project.eu\/wp-content\/uploads\/2026\/04\/FI_poster_VRCare_mockup.png 1000w, https:\/\/vrcare-project.eu\/wp-content\/uploads\/2026\/04\/FI_poster_VRCare_mockup-300x300.png 300w, https:\/\/vrcare-project.eu\/wp-content\/uploads\/2026\/04\/FI_poster_VRCare_mockup-150x150.png 150w, https:\/\/vrcare-project.eu\/wp-content\/uploads\/2026\/04\/FI_poster_VRCare_mockup-768x768.png 768w, https:\/\/vrcare-project.eu\/wp-content\/uploads\/2026\/04\/FI_poster_VRCare_mockup-700x700.png 700w\" sizes=\"(max-width: 800px) 100vw, 800px\" \/>\t\t\t\t\t\t\t\t\t\t\t\t\t\t\t<\/div>\n\t\t\t\t<\/div>\n\t\t\t\t<div class=\"elementor-element elementor-element-b0e25c4 elementor-widget elementor-widget-button\" data-id=\"b0e25c4\" data-element_type=\"widget\" data-e-type=\"widget\" data-widget_type=\"button.default\">\n\t\t\t\t<div class=\"elementor-widget-container\">\n\t\t\t\t\t\t\t\t\t<div class=\"elementor-button-wrapper\">\n\t\t\t\t\t<a class=\"elementor-button elementor-button-link elementor-size-sm\" href=\"https:\/\/vrcare-project.eu\/wp-content\/uploads\/2026\/04\/FI_poster_VRCare_compressed.pdf\" target=\"_blank\">\n\t\t\t\t\t\t<span class=\"elementor-button-content-wrapper\">\n\t\t\t\t\t\t\t\t\t<span class=\"elementor-button-text\">N\u00e4e ne t\u00e4st\u00e4<\/span>\n\t\t\t\t\t<\/span>\n\t\t\t\t\t<\/a>\n\t\t\t\t<\/div>\n\t\t\t\t\t\t\t\t<\/div>\n\t\t\t\t<\/div>\n\t\t\t\t<\/div>\n\t\t<div class=\"elementor-element elementor-element-d411dd1 e-con-full e-flex e-con e-child\" data-id=\"d411dd1\" data-element_type=\"container\" data-e-type=\"container\">\n\t\t\t\t<div class=\"elementor-element elementor-element-f29c657 elementor-widget elementor-widget-heading\" data-id=\"f29c657\" data-element_type=\"widget\" data-e-type=\"widget\" data-widget_type=\"heading.default\">\n\t\t\t\t<div class=\"elementor-widget-container\">\n\t\t\t\t\t<h4 class=\"elementor-heading-title elementor-size-default\">Esite<\/h4>\t\t\t\t<\/div>\n\t\t\t\t<\/div>\n\t\t\t\t<div class=\"elementor-element elementor-element-c5a0ff9 elementor-widget elementor-widget-image\" data-id=\"c5a0ff9\" data-element_type=\"widget\" data-e-type=\"widget\" data-widget_type=\"image.default\">\n\t\t\t\t<div class=\"elementor-widget-container\">\n\t\t\t\t\t\t\t\t\t\t\t\t\t\t\t<img decoding=\"async\" width=\"800\" height=\"800\" src=\"https:\/\/vrcare-project.eu\/wp-content\/uploads\/2026\/02\/FI_VRCARE_leaflet_mockup.png\" class=\"attachment-large size-large wp-image-2327\" alt=\"\" srcset=\"https:\/\/vrcare-project.eu\/wp-content\/uploads\/2026\/02\/FI_VRCARE_leaflet_mockup.png 1000w, https:\/\/vrcare-project.eu\/wp-content\/uploads\/2026\/02\/FI_VRCARE_leaflet_mockup-300x300.png 300w, https:\/\/vrcare-project.eu\/wp-content\/uploads\/2026\/02\/FI_VRCARE_leaflet_mockup-150x150.png 150w, https:\/\/vrcare-project.eu\/wp-content\/uploads\/2026\/02\/FI_VRCARE_leaflet_mockup-768x768.png 768w, https:\/\/vrcare-project.eu\/wp-content\/uploads\/2026\/02\/FI_VRCARE_leaflet_mockup-700x700.png 700w\" sizes=\"(max-width: 800px) 100vw, 800px\" \/>\t\t\t\t\t\t\t\t\t\t\t\t\t\t\t<\/div>\n\t\t\t\t<\/div>\n\t\t\t\t<div class=\"elementor-element elementor-element-13b8c57 elementor-widget elementor-widget-button\" data-id=\"13b8c57\" data-element_type=\"widget\" data-e-type=\"widget\" data-widget_type=\"button.default\">\n\t\t\t\t<div class=\"elementor-widget-container\">\n\t\t\t\t\t\t\t\t\t<div class=\"elementor-button-wrapper\">\n\t\t\t\t\t<a class=\"elementor-button elementor-button-link elementor-size-sm\" href=\"https:\/\/vrcare-project.eu\/wp-content\/uploads\/2026\/04\/FI_VRCARE_leaflet_compressed.pdf\" target=\"_blank\">\n\t\t\t\t\t\t<span class=\"elementor-button-content-wrapper\">\n\t\t\t\t\t\t\t\t\t<span class=\"elementor-button-text\">N\u00e4e ne t\u00e4st\u00e4<\/span>\n\t\t\t\t\t<\/span>\n\t\t\t\t\t<\/a>\n\t\t\t\t<\/div>\n\t\t\t\t\t\t\t\t<\/div>\n\t\t\t\t<\/div>\n\t\t\t\t<\/div>\n\t\t<div class=\"elementor-element elementor-element-b5dd8c3 e-con-full e-flex e-con e-child\" data-id=\"b5dd8c3\" data-element_type=\"container\" data-e-type=\"container\">\n\t\t\t\t<div class=\"elementor-element elementor-element-e9060dd elementor-widget elementor-widget-heading\" data-id=\"e9060dd\" data-element_type=\"widget\" data-e-type=\"widget\" data-widget_type=\"heading.default\">\n\t\t\t\t<div class=\"elementor-widget-container\">\n\t\t\t\t\t<h4 class=\"elementor-heading-title elementor-size-default\">Uutiskirje<\/h4>\t\t\t\t<\/div>\n\t\t\t\t<\/div>\n\t\t\t\t<div class=\"elementor-element elementor-element-46d3370 elementor-widget elementor-widget-image\" data-id=\"46d3370\" data-element_type=\"widget\" data-e-type=\"widget\" data-widget_type=\"image.default\">\n\t\t\t\t<div class=\"elementor-widget-container\">\n\t\t\t\t\t\t\t\t\t\t\t\t\t\t\t<img loading=\"lazy\" decoding=\"async\" width=\"800\" height=\"800\" src=\"https:\/\/vrcare-project.eu\/wp-content\/uploads\/2025\/04\/FI_newsletter1st_mockup.png\" class=\"attachment-large size-large wp-image-1565\" alt=\"\" srcset=\"https:\/\/vrcare-project.eu\/wp-content\/uploads\/2025\/04\/FI_newsletter1st_mockup.png 1000w, https:\/\/vrcare-project.eu\/wp-content\/uploads\/2025\/04\/FI_newsletter1st_mockup-300x300.png 300w, https:\/\/vrcare-project.eu\/wp-content\/uploads\/2025\/04\/FI_newsletter1st_mockup-150x150.png 150w, https:\/\/vrcare-project.eu\/wp-content\/uploads\/2025\/04\/FI_newsletter1st_mockup-768x768.png 768w, https:\/\/vrcare-project.eu\/wp-content\/uploads\/2025\/04\/FI_newsletter1st_mockup-700x700.png 700w\" sizes=\"(max-width: 800px) 100vw, 800px\" \/>\t\t\t\t\t\t\t\t\t\t\t\t\t\t\t<\/div>\n\t\t\t\t<\/div>\n\t\t\t\t<div class=\"elementor-element elementor-element-4d5b4f7 elementor-widget elementor-widget-button\" data-id=\"4d5b4f7\" data-element_type=\"widget\" data-e-type=\"widget\" data-widget_type=\"button.default\">\n\t\t\t\t<div class=\"elementor-widget-container\">\n\t\t\t\t\t\t\t\t\t<div class=\"elementor-button-wrapper\">\n\t\t\t\t\t<a class=\"elementor-button elementor-button-link elementor-size-sm\" href=\"https:\/\/vrcare-project.eu\/wp-content\/uploads\/2026\/04\/FI_VRCare_-1st-Newsletter_compressed.pdf\" target=\"_blank\">\n\t\t\t\t\t\t<span class=\"elementor-button-content-wrapper\">\n\t\t\t\t\t\t\t\t\t<span class=\"elementor-button-text\">N\u00e4e ne t\u00e4st\u00e4<\/span>\n\t\t\t\t\t<\/span>\n\t\t\t\t\t<\/a>\n\t\t\t\t<\/div>\n\t\t\t\t\t\t\t\t<\/div>\n\t\t\t\t<\/div>\n\t\t\t\t<\/div>\n\t\t\t\t<\/div>\n\t\t\t\t<div class=\"elementor-element elementor-element-71c2b2f elementor-widget elementor-widget-spacer\" data-id=\"71c2b2f\" data-element_type=\"widget\" data-e-type=\"widget\" data-widget_type=\"spacer.default\">\n\t\t\t\t<div class=\"elementor-widget-container\">\n\t\t\t\t\t\t\t<div class=\"elementor-spacer\">\n\t\t\t<div class=\"elementor-spacer-inner\"><\/div>\n\t\t<\/div>\n\t\t\t\t\t\t<\/div>\n\t\t\t\t<\/div>\n\t\t\t\t\t<\/div>\n\t\t\t\t<\/div>\n\t\t\t\t<\/div>\n\t\t","protected":false},"excerpt":{"rendered":"<p>Hankkeessa tuotetut&nbsp;materiaalit Tutustu materiaaleihin, joissa esitell\u00e4\u00e4n VRCARE-hankkeen tavoitteita ja tuloksia. Digitaalisista levityslehtisist\u00e4 uutiskirjeisiin ja muihin tuotoksiin, t\u00e4m\u00e4 osio tarjoaa kattavan katsauksen hankkeen toimintaan ja tuloksiin joilla voit pysy\u00e4 ajan tasalla hankkeen viimeisimmist\u00e4 kehityksist\u00e4 ja julkaisuista. Juliste N\u00e4e ne t\u00e4st\u00e4 Esite N\u00e4e ne t\u00e4st\u00e4 Uutiskirje N\u00e4e ne t\u00e4st\u00e4<\/p>\n","protected":false},"author":3,"featured_media":1001,"parent":0,"menu_order":0,"comment_status":"closed","ping_status":"closed","template":"","meta":{"footnotes":""},"class_list":["post-1150","page","type-page","status-publish","has-post-thumbnail","hentry"],"_links":{"self":[{"href":"https:\/\/vrcare-project.eu\/fi\/wp-json\/wp\/v2\/pages\/1150","targetHints":{"allow":["GET"]}}],"collection":[{"href":"https:\/\/vrcare-project.eu\/fi\/wp-json\/wp\/v2\/pages"}],"about":[{"href":"https:\/\/vrcare-project.eu\/fi\/wp-json\/wp\/v2\/types\/page"}],"author":[{"embeddable":true,"href":"https:\/\/vrcare-project.eu\/fi\/wp-json\/wp\/v2\/users\/3"}],"replies":[{"embeddable":true,"href":"https:\/\/vrcare-project.eu\/fi\/wp-json\/wp\/v2\/comments?post=1150"}],"version-history":[{"count":16,"href":"https:\/\/vrcare-project.eu\/fi\/wp-json\/wp\/v2\/pages\/1150\/revisions"}],"predecessor-version":[{"id":2785,"href":"https:\/\/vrcare-project.eu\/fi\/wp-json\/wp\/v2\/pages\/1150\/revisions\/2785"}],"wp:featuredmedia":[{"embeddable":true,"href":"https:\/\/vrcare-project.eu\/fi\/wp-json\/wp\/v2\/media\/1001"}],"wp:attachment":[{"href":"https:\/\/vrcare-project.eu\/fi\/wp-json\/wp\/v2\/media?parent=1150"}],"curies":[{"name":"wp","href":"https:\/\/api.w.org\/{rel}","templated":true}]}}